{"id":77,"date":"2022-08-09T06:02:55","date_gmt":"2022-08-09T06:02:55","guid":{"rendered":"https:\/\/bizbergthemes.com\/green-globe\/?page_id=77"},"modified":"2025-06-06T11:25:34","modified_gmt":"2025-06-06T16:25:34","slug":"nosotros","status":"publish","type":"page","link":"https:\/\/www.ebe.com.ec\/?page_id=77","title":{"rendered":"Nosotros"},"content":{"rendered":"\t\t<div data-elementor-type=\"wp-page\" data-elementor-id=\"77\" class=\"elementor elementor-77\">\n\t\t\t\t<div class=\"elementor-element elementor-element-9820d61 e-flex e-con-boxed e-con e-parent\" data-id=\"9820d61\" data-element_type=\"container\">\n\t\t\t\t\t<div class=\"e-con-inner\">\n\t\t\t\t<div class=\"elementor-element elementor-element-357f8bb5 elementor-widget elementor-widget-text-editor\" data-id=\"357f8bb5\" data-element_type=\"widget\" data-widget_type=\"text-editor.default\">\n\t\t\t\t<div class=\"elementor-widget-container\">\n\t\t\t\t\t\t\t\t\t\n<p>EMAC-BGP ENERGY COMPA\u00d1\u00cdA DE ECONOMIA MIXTA CEM, fue conformada a finales del a\u00f1o 2012, como socios constan la empresa publica EMAC EP (51%) y como socio estrat\u00e9gico la compa\u00f1\u00eda holandesa BGP ENGINEERS B.V. (49%), se constituyeron con el prop\u00f3sito de desarrollar una planta de generaci\u00f3n de energ\u00eda el\u00e9ctrica a base del biog\u00e1s del relleno sanitario de Cuenca y que al mismo tiempo reduzca la contaminaci\u00f3n ambiental de los gases de efecto invernadero (GEI) como el gas metano y otros que son producidos y emanados por la descomposici\u00f3n de la materia org\u00e1nica contenida en los residuos recolectados en el cant\u00f3n Cuenca y depositados en el relleno sanitario de \u201cPichacay\u201d.<\/p>\n\t\t\t\t\t\t\t\t<\/div>\n\t\t\t\t<\/div>\n\t\t\t\t\t<\/div>\n\t\t\t\t<\/div>\n\t\t<div class=\"elementor-element elementor-element-23051a4 e-flex e-con-boxed e-con e-parent\" data-id=\"23051a4\" data-element_type=\"container\">\n\t\t\t\t\t<div class=\"e-con-inner\">\n\t\t\t\t<div class=\"elementor-element elementor-element-2102901 elementor-widget elementor-widget-heading\" data-id=\"2102901\" data-element_type=\"widget\" data-widget_type=\"heading.default\">\n\t\t\t\t<div class=\"elementor-widget-container\">\n\t\t\t\t\t<h3 class=\"elementor-heading-title elementor-size-default\">Nuestra misi\u00f3n<\/h3>\t\t\t\t<\/div>\n\t\t\t\t<\/div>\n\t\t\t\t\t<\/div>\n\t\t\t\t<\/div>\n\t\t<div class=\"elementor-element elementor-element-a896e34 e-flex e-con-boxed e-con e-parent\" data-id=\"a896e34\" data-element_type=\"container\">\n\t\t\t\t\t<div class=\"e-con-inner\">\n\t\t\t\t<div class=\"elementor-element elementor-element-ff56078 elementor-widget elementor-widget-text-editor\" data-id=\"ff56078\" data-element_type=\"widget\" data-widget_type=\"text-editor.default\">\n\t\t\t\t<div class=\"elementor-widget-container\">\n\t\t\t\t\t\t\t\t\t<p><em>Contribuir a reducir los gases de efecto invernadero en el cant\u00f3n Cuenca a trav\u00e9s de la generaci\u00f3n de energ\u00eda el\u00e9ctrica mediante el aprovechamiento del biog\u00e1s.<\/em><\/p>\t\t\t\t\t\t\t\t<\/div>\n\t\t\t\t<\/div>\n\t\t\t\t\t<\/div>\n\t\t\t\t<\/div>\n\t\t<div class=\"elementor-element elementor-element-7d9bd12 e-flex e-con-boxed e-con e-parent\" data-id=\"7d9bd12\" data-element_type=\"container\">\n\t\t\t\t\t<div class=\"e-con-inner\">\n\t\t\t\t<div class=\"elementor-element elementor-element-3e2e16e elementor-widget elementor-widget-heading\" data-id=\"3e2e16e\" data-element_type=\"widget\" data-widget_type=\"heading.default\">\n\t\t\t\t<div class=\"elementor-widget-container\">\n\t\t\t\t\t<h3 class=\"elementor-heading-title elementor-size-default\">Nuestra visi\u00f3n<\/h3>\t\t\t\t<\/div>\n\t\t\t\t<\/div>\n\t\t\t\t\t<\/div>\n\t\t\t\t<\/div>\n\t\t<div class=\"elementor-element elementor-element-7282943 e-flex e-con-boxed e-con e-parent\" data-id=\"7282943\" data-element_type=\"container\">\n\t\t\t\t\t<div class=\"e-con-inner\">\n\t\t\t\t<div class=\"elementor-element elementor-element-939dda4 elementor-widget elementor-widget-text-editor\" data-id=\"939dda4\" data-element_type=\"widget\" data-widget_type=\"text-editor.default\">\n\t\t\t\t<div class=\"elementor-widget-container\">\n\t\t\t\t\t\t\t\t\t<p><em>Para el a\u00f1o 2029, ser una empresa con posicionamiento institucional en la generaci\u00f3n de energ\u00eda el\u00e9ctrica utilizando el biog\u00e1s como combustible primario; liderando procesos de gesti\u00f3n administrativa, producci\u00f3n y asesoramiento de proyectos de biog\u00e1s.<\/em><\/p>\t\t\t\t\t\t\t\t<\/div>\n\t\t\t\t<\/div>\n\t\t\t\t\t<\/div>\n\t\t\t\t<\/div>\n\t\t\t\t<\/div>\n\t\t","protected":false},"excerpt":{"rendered":"<p>EMAC-BGP ENERGY COMPA\u00d1\u00cdA DE ECONOMIA MIXTA CEM, fue conformada a finales del a\u00f1o 2012, como socios constan la empresa publica EMAC EP (51%) y como socio estrat\u00e9gico la compa\u00f1\u00eda holandesa BGP ENGINEERS B.V. (49%), se constituyeron con el prop\u00f3sito de desarrollar una planta de generaci\u00f3n de energ\u00eda el\u00e9ctrica a base del biog\u00e1s del relleno sanitario de Cuenca y que al&#8230;<\/p>\n","protected":false},"author":1,"featured_media":40,"parent":0,"menu_order":0,"comment_status":"closed","ping_status":"closed","template":"","meta":{"_eb_attr":"","footnotes":""},"class_list":["post-77","page","type-page","status-publish","has-post-thumbnail","hentry"],"_links":{"self":[{"href":"https:\/\/www.ebe.com.ec\/index.php?rest_route=\/wp\/v2\/pages\/77","targetHints":{"allow":["GET"]}}],"collection":[{"href":"https:\/\/www.ebe.com.ec\/index.php?rest_route=\/wp\/v2\/pages"}],"about":[{"href":"https:\/\/www.ebe.com.ec\/index.php?rest_route=\/wp\/v2\/types\/page"}],"author":[{"embeddable":true,"href":"https:\/\/www.ebe.com.ec\/index.php?rest_route=\/wp\/v2\/users\/1"}],"replies":[{"embeddable":true,"href":"https:\/\/www.ebe.com.ec\/index.php?rest_route=%2Fwp%2Fv2%2Fcomments&post=77"}],"version-history":[{"count":7,"href":"https:\/\/www.ebe.com.ec\/index.php?rest_route=\/wp\/v2\/pages\/77\/revisions"}],"predecessor-version":[{"id":354,"href":"https:\/\/www.ebe.com.ec\/index.php?rest_route=\/wp\/v2\/pages\/77\/revisions\/354"}],"wp:featuredmedia":[{"embeddable":true,"href":"https:\/\/www.ebe.com.ec\/index.php?rest_route=\/wp\/v2\/media\/40"}],"wp:attachment":[{"href":"https:\/\/www.ebe.com.ec\/index.php?rest_route=%2Fwp%2Fv2%2Fmedia&parent=77"}],"curies":[{"name":"wp","href":"https:\/\/api.w.org\/{rel}","templated":true}]}}