{"id":398,"date":"2026-04-06T12:37:57","date_gmt":"2026-04-06T17:37:57","guid":{"rendered":"https:\/\/www.ebe.com.ec\/?page_id=398"},"modified":"2026-04-06T16:43:35","modified_gmt":"2026-04-06T21:43:35","slug":"rendicion-2025","status":"publish","type":"page","link":"https:\/\/www.ebe.com.ec\/?page_id=398","title":{"rendered":"Rendici\u00f3n 2025"},"content":{"rendered":"\t\t<div data-elementor-type=\"wp-page\" data-elementor-id=\"398\" class=\"elementor elementor-398\">\n\t\t\t\t<div class=\"elementor-element elementor-element-3ec06d7 e-flex e-con-boxed e-con e-parent\" data-id=\"3ec06d7\" data-element_type=\"container\">\n\t\t\t\t\t<div class=\"e-con-inner\">\n\t\t\t\t<div class=\"elementor-element elementor-element-6615a4e elementor-widget elementor-widget-image\" data-id=\"6615a4e\" data-element_type=\"widget\" data-widget_type=\"image.default\">\n\t\t\t\t<div class=\"elementor-widget-container\">\n\t\t\t\t\t\t\t\t\t\t\t\t\t\t\t<img fetchpriority=\"high\" decoding=\"async\" width=\"640\" height=\"388\" src=\"https:\/\/www.ebe.com.ec\/wp-content\/uploads\/2022\/08\/imagen3.jpg\" class=\"attachment-large size-large wp-image-138\" alt=\"\" srcset=\"https:\/\/www.ebe.com.ec\/wp-content\/uploads\/2022\/08\/imagen3.jpg 1024w, https:\/\/www.ebe.com.ec\/wp-content\/uploads\/2022\/08\/imagen3-300x182.jpg 300w, https:\/\/www.ebe.com.ec\/wp-content\/uploads\/2022\/08\/imagen3-768x465.jpg 768w\" sizes=\"(max-width: 640px) 100vw, 640px\" \/>\t\t\t\t\t\t\t\t\t\t\t\t\t\t\t<\/div>\n\t\t\t\t<\/div>\n\t\t\t\t\t<\/div>\n\t\t\t\t<\/div>\n\t\t<div class=\"elementor-element elementor-element-1a36b95 e-flex e-con-boxed e-con e-parent\" data-id=\"1a36b95\" data-element_type=\"container\">\n\t\t\t\t\t<div class=\"e-con-inner\">\n\t\t\t\t<div class=\"elementor-element elementor-element-246500c elementor-widget elementor-widget-heading\" data-id=\"246500c\" data-element_type=\"widget\" data-widget_type=\"heading.default\">\n\t\t\t\t<div class=\"elementor-widget-container\">\n\t\t\t\t\t<h2 class=\"elementor-heading-title elementor-size-default\">Rendici\u00f3n de cuentas a\u00f1o 2025<\/h2>\t\t\t\t<\/div>\n\t\t\t\t<\/div>\n\t\t\t\t<div class=\"elementor-element elementor-element-1eaee0a6 elementor-widget elementor-widget-text-editor\" data-id=\"1eaee0a6\" data-element_type=\"widget\" data-widget_type=\"text-editor.default\">\n\t\t\t\t<div class=\"elementor-widget-container\">\n\t\t\t\t\t\t\t\t\t<p><span style=\"color: #008000;\"><strong><a href=\"https:\/\/www.ebe.com.ec\/?page_id=415\" target=\"_blank\" rel=\"noopener\">PDOT<\/a><\/strong><\/span><\/p>\n<p><span style=\"color: #008000;\"><strong><a href=\"https:\/\/www.ebe.com.ec\/wp-content\/uploads\/2026\/04\/ANEXO_1_GLOSARIO.pdf\" target=\"_blank\" rel=\"noopener\">Plan de trabajo del Alcande<\/a><\/strong><\/span><\/p>\n<p><span style=\"color: #008000;\"><strong><a href=\"https:\/\/www.ebe.com.ec\/wp-content\/uploads\/2025\/06\/BG-2024-signed-signed.pdf\" target=\"_blank\" rel=\"noopener\">Balance General 2025<\/a><\/strong><\/span><\/p>\n<p><span style=\"color: #008000;\"><strong><a href=\"https:\/\/www.ebe.com.ec\/wp-content\/uploads\/2025\/06\/ER-2024-signed-signed.pdf\" target=\"_blank\" rel=\"noopener\">Estado de Resultados 2025<\/a><\/strong><\/span><\/p>\n<p><span style=\"color: #008000;\"><strong><a href=\"https:\/\/www.ebe.com.ec\/wp-content\/uploads\/2025\/06\/EEP-2024-signed-signed.pdf\" target=\"_blank\" rel=\"noopener\">Evoluci\u00f3n de Patrimonio 2025<\/a><\/strong><\/span><\/p>\n<p><span style=\"color: #008000;\"><strong><a href=\"https:\/\/www.ebe.com.ec\/wp-content\/uploads\/2025\/06\/EFED-2024-signed-signed.pdf\" target=\"_blank\" rel=\"noopener\">Flujo Directo 2025<\/a><\/strong><\/span><\/p>\n<p><span style=\"color: #008000;\"><strong><a href=\"https:\/\/www.ebe.com.ec\/wp-content\/uploads\/2025\/06\/EFEI-2024-signed-signed.pdf\" target=\"_blank\" rel=\"noopener\">Flujo Indirecto 2025<\/a><\/strong><\/span><\/p>\n<p><span style=\"color: #008000;\"><strong><a href=\"https:\/\/www.ebe.com.ec\/wp-content\/uploads\/2025\/06\/PRESUPUESTO-2024-al-100.pdf\" target=\"_blank\" rel=\"noopener\">Presupuesto 2025<\/a><\/strong><\/span><\/p>\n<p><span style=\"color: #008000;\"><strong><a href=\"https:\/\/www.ebe.com.ec\/wp-content\/uploads\/2025\/06\/Certificado_Cumplimiento_Tributario-3.pdf\" target=\"_blank\" rel=\"noopener\">Cumplimiento Tributario 2025<\/a><\/strong><\/span><\/p>\n<p><span style=\"color: #008000;\"><strong><a href=\"https:\/\/www.ebe.com.ec\/wp-content\/uploads\/2025\/06\/Oficio-EBE-GG-071-2025_Rendicion-Cuentas-signed.pdf\" target=\"_blank\" rel=\"noopener\">Rendici\u00f3n de cuentas 2025<\/a><\/strong><\/span><\/p>\n<p><span style=\"color: #008000;\"><strong><a href=\"https:\/\/www.ebe.com.ec\/wp-content\/uploads\/2025\/06\/EBE-CPCCS-2024.xlsx\" target=\"_blank\" rel=\"noopener\">Formulario de Rendici\u00f3n de cuentas 2025<\/a><\/strong><\/span><\/p>\n<p><span style=\"color: #008000;\"><strong><a href=\"https:\/\/www.ebe.com.ec\/wp-content\/uploads\/2025\/06\/Informe-de-AE_2024_EMAC-BGP-ENERGY-CEM-signed-signed-signed-signed-signed-signed-signed-signed-signed.pdf\" target=\"_blank\" rel=\"noopener\">Estados Financieros 2025<\/a><\/strong><\/span><\/p>\n<p><span style=\"color: #008000;\"><strong><a href=\"https:\/\/www.ebe.com.ec\/wp-content\/uploads\/2025\/06\/Ofi-Ren.Ctas-2024-Sercop-signed.pdf\" target=\"_blank\" rel=\"noopener\">SERCOP 2025<\/a><\/strong><\/span><\/p>\n<p><span style=\"color: #008000;\"><strong><a href=\"https:\/\/www.ebe.com.ec\/wp-content\/uploads\/2025\/06\/Direcorios-2024.pdf\" target=\"_blank\" rel=\"noopener\">Directorio 2025<\/a><\/strong><\/span><\/p>\n<p><span style=\"color: #008000;\"><strong><a href=\"https:\/\/www.cuenca.gob.ec\/content\/pdot-pugs-2022\" target=\"_blank\" rel=\"noopener\">PDOT<\/a><\/strong><\/span><\/p>\n<p><span style=\"color: #008000;\"><strong><a href=\"https:\/\/transparencia.cuenca.gob.ec\/sites\/default\/files\/Rendicion%20Cuentas%202024\/Documentos\/Plan_Alcalde_Cristian%20Zamora.pdf\" target=\"_blank\" rel=\"noopener\">Plan de Trabajo del Alcalde<\/a><\/strong><\/span><\/p>\n<p><span style=\"color: #008000;\"><strong><a href=\"https:\/\/emac.gob.ec\/wp-content\/uploads\/2025\/06\/9.-RENDICION-DE-CUENTAS-EMAC-EP-2024.pdf\" target=\"_blank\" rel=\"noopener\">Informe narrativo<\/a><\/strong><\/span><\/p>\n<p><span style=\"color: #008000;\"><strong><a href=\"https:\/\/emac.gob.ec\/wp-content\/uploads\/2025\/06\/INVITACION-RENDICION-EMAC-2024.png\" target=\"_blank\" rel=\"noopener\">Invitaci\u00f3n<\/a><\/strong><\/span><\/p>\n<p><span style=\"color: #008000;\">\u00a0<\/span><\/p>\n<p>\u00a0<\/p>\n<p>\u00a0<\/p>\n<p><\/p>\t\t\t\t\t\t\t\t<\/div>\n\t\t\t\t<\/div>\n\t\t\t\t\t<\/div>\n\t\t\t\t<\/div>\n\t\t\t\t<\/div>\n\t\t","protected":false},"excerpt":{"rendered":"<p>Rendici\u00f3n de cuentas a\u00f1o 2025 PDOT Plan de trabajo del Alcande Balance General 2025 Estado de Resultados 2025 Evoluci\u00f3n de Patrimonio 2025 Flujo Directo 2025 Flujo Indirecto 2025 Presupuesto 2025 Cumplimiento Tributario 2025 Rendici\u00f3n de cuentas 2025 Formulario de Rendici\u00f3n de cuentas 2025 Estados Financieros 2025 SERCOP 2025 Directorio 2025 PDOT Plan de Trabajo del Alcalde Informe narrativo Invitaci\u00f3n \u00a0&#8230;<\/p>\n","protected":false},"author":1,"featured_media":0,"parent":0,"menu_order":0,"comment_status":"closed","ping_status":"closed","template":"elementor_header_footer","meta":{"_eb_attr":"","footnotes":""},"class_list":["post-398","page","type-page","status-publish","hentry"],"_links":{"self":[{"href":"https:\/\/www.ebe.com.ec\/index.php?rest_route=\/wp\/v2\/pages\/398","targetHints":{"allow":["GET"]}}],"collection":[{"href":"https:\/\/www.ebe.com.ec\/index.php?rest_route=\/wp\/v2\/pages"}],"about":[{"href":"https:\/\/www.ebe.com.ec\/index.php?rest_route=\/wp\/v2\/types\/page"}],"author":[{"embeddable":true,"href":"https:\/\/www.ebe.com.ec\/index.php?rest_route=\/wp\/v2\/users\/1"}],"replies":[{"embeddable":true,"href":"https:\/\/www.ebe.com.ec\/index.php?rest_route=%2Fwp%2Fv2%2Fcomments&post=398"}],"version-history":[{"count":22,"href":"https:\/\/www.ebe.com.ec\/index.php?rest_route=\/wp\/v2\/pages\/398\/revisions"}],"predecessor-version":[{"id":497,"href":"https:\/\/www.ebe.com.ec\/index.php?rest_route=\/wp\/v2\/pages\/398\/revisions\/497"}],"wp:attachment":[{"href":"https:\/\/www.ebe.com.ec\/index.php?rest_route=%2Fwp%2Fv2%2Fmedia&parent=398"}],"curies":[{"name":"wp","href":"https:\/\/api.w.org\/{rel}","templated":true}]}}