{"id":255,"date":"2025-03-30T17:15:00","date_gmt":"2025-03-30T22:15:00","guid":{"rendered":"https:\/\/www.ebe.com.ec\/?page_id=255"},"modified":"2025-06-06T11:09:22","modified_gmt":"2025-06-06T16:09:22","slug":"rendicion-2023","status":"publish","type":"page","link":"https:\/\/www.ebe.com.ec\/?page_id=255","title":{"rendered":"Rendici\u00f3n 2023"},"content":{"rendered":"\t\t<div data-elementor-type=\"wp-page\" data-elementor-id=\"255\" class=\"elementor elementor-255\">\n\t\t\t\t<div class=\"elementor-element elementor-element-3ec06d7 e-flex e-con-boxed e-con e-parent\" data-id=\"3ec06d7\" data-element_type=\"container\">\n\t\t\t\t\t<div class=\"e-con-inner\">\n\t\t\t\t<div class=\"elementor-element elementor-element-6615a4e elementor-widget elementor-widget-image\" data-id=\"6615a4e\" data-element_type=\"widget\" data-widget_type=\"image.default\">\n\t\t\t\t<div class=\"elementor-widget-container\">\n\t\t\t\t\t\t\t\t\t\t\t\t\t\t\t<img fetchpriority=\"high\" decoding=\"async\" width=\"640\" height=\"388\" src=\"https:\/\/www.ebe.com.ec\/wp-content\/uploads\/2022\/08\/imagen3.jpg\" class=\"attachment-large size-large wp-image-138\" alt=\"\" srcset=\"https:\/\/www.ebe.com.ec\/wp-content\/uploads\/2022\/08\/imagen3.jpg 1024w, https:\/\/www.ebe.com.ec\/wp-content\/uploads\/2022\/08\/imagen3-300x182.jpg 300w, https:\/\/www.ebe.com.ec\/wp-content\/uploads\/2022\/08\/imagen3-768x465.jpg 768w\" sizes=\"(max-width: 640px) 100vw, 640px\" \/>\t\t\t\t\t\t\t\t\t\t\t\t\t\t\t<\/div>\n\t\t\t\t<\/div>\n\t\t\t\t\t<\/div>\n\t\t\t\t<\/div>\n\t\t<div class=\"elementor-element elementor-element-1a36b95 e-flex e-con-boxed e-con e-parent\" data-id=\"1a36b95\" data-element_type=\"container\">\n\t\t\t\t\t<div class=\"e-con-inner\">\n\t\t\t\t<div class=\"elementor-element elementor-element-246500c elementor-widget elementor-widget-heading\" data-id=\"246500c\" data-element_type=\"widget\" data-widget_type=\"heading.default\">\n\t\t\t\t<div class=\"elementor-widget-container\">\n\t\t\t\t\t<h2 class=\"elementor-heading-title elementor-size-default\">Rendici\u00f3n de cuentas a\u00f1o 2023<\/h2>\t\t\t\t<\/div>\n\t\t\t\t<\/div>\n\t\t\t\t<div class=\"elementor-element elementor-element-1eaee0a6 elementor-widget elementor-widget-text-editor\" data-id=\"1eaee0a6\" data-element_type=\"widget\" data-widget_type=\"text-editor.default\">\n\t\t\t\t<div class=\"elementor-widget-container\">\n\t\t\t\t\t\t\t\t\t<p><span style=\"color: #008000;\"><strong><a href=\"https:\/\/www.ebe.com.ec\/wp-content\/uploads\/2025\/06\/1-Balance-2023-signed-signed.pdf\" target=\"_blank\" rel=\"noopener\">Balance General 2023<\/a><\/strong><\/span><\/p>\n<p><span style=\"color: #008000;\"><strong><a href=\"https:\/\/www.ebe.com.ec\/wp-content\/uploads\/2025\/06\/2-Resultados-2023-signed-signed.pdf\" target=\"_blank\" rel=\"noopener\">Estado de Resultados 2023<\/a><\/strong><\/span><\/p>\n<p><span style=\"color: #008000;\"><strong><a href=\"https:\/\/www.ebe.com.ec\/wp-content\/uploads\/2025\/06\/3-Evolucion-Patrimonio-signed-signed.pdf\" target=\"_blank\" rel=\"noopener\">Evoluci\u00f3n de Patrimonio 2023<\/a><\/strong><\/span><\/p>\n<p><span style=\"color: #008000;\"><strong><a href=\"https:\/\/www.ebe.com.ec\/wp-content\/uploads\/2025\/06\/4-Flujo-directo-signed-signed.pdf\" target=\"_blank\" rel=\"noopener\">Flujo Directo 2023<\/a><\/strong><\/span><\/p>\n<p><span style=\"color: #008000;\"><strong><a href=\"https:\/\/www.ebe.com.ec\/wp-content\/uploads\/2025\/06\/CERTIFICADO-CUMPLIMIENTO-IESS-14JUN2024.pdf\" target=\"_blank\" rel=\"noopener\">Cumplimiento IESS 2023<\/a><\/strong><\/span><\/p>\n<p><span style=\"color: #008000;\"><strong><a href=\"https:\/\/www.ebe.com.ec\/wp-content\/uploads\/2025\/06\/Certificado_Cumplimiento_Tributario-14JUN2024.pdf\" target=\"_blank\" rel=\"noopener\">Cumplimiento Tributario 2023<\/a><\/strong><\/span><\/p>\n<p><span style=\"color: #008000;\"><strong><a href=\"https:\/\/www.ebe.com.ec\/wp-content\/uploads\/2025\/06\/Ofi-Ren.Ctas-2023-Sercop-signed.pdf\" target=\"_blank\" rel=\"noopener\">Procesos Sercop 2023<\/a><\/strong><\/span><\/p>\n<p>\u00a0<\/p>\n<p>\u00a0<\/p>\n<p><\/p>\t\t\t\t\t\t\t\t<\/div>\n\t\t\t\t<\/div>\n\t\t\t\t\t<\/div>\n\t\t\t\t<\/div>\n\t\t\t\t<\/div>\n\t\t","protected":false},"excerpt":{"rendered":"<p>Rendici\u00f3n de cuentas a\u00f1o 2023 Balance General 2023 Estado de Resultados 2023 Evoluci\u00f3n de Patrimonio 2023 Flujo Directo 2023 Cumplimiento IESS 2023 Cumplimiento Tributario 2023 Procesos Sercop 2023 \u00a0 \u00a0<\/p>\n","protected":false},"author":1,"featured_media":0,"parent":0,"menu_order":0,"comment_status":"closed","ping_status":"closed","template":"elementor_header_footer","meta":{"_eb_attr":"","footnotes":""},"class_list":["post-255","page","type-page","status-publish","hentry"],"_links":{"self":[{"href":"https:\/\/www.ebe.com.ec\/index.php?rest_route=\/wp\/v2\/pages\/255","targetHints":{"allow":["GET"]}}],"collection":[{"href":"https:\/\/www.ebe.com.ec\/index.php?rest_route=\/wp\/v2\/pages"}],"about":[{"href":"https:\/\/www.ebe.com.ec\/index.php?rest_route=\/wp\/v2\/types\/page"}],"author":[{"embeddable":true,"href":"https:\/\/www.ebe.com.ec\/index.php?rest_route=\/wp\/v2\/users\/1"}],"replies":[{"embeddable":true,"href":"https:\/\/www.ebe.com.ec\/index.php?rest_route=%2Fwp%2Fv2%2Fcomments&post=255"}],"version-history":[{"count":8,"href":"https:\/\/www.ebe.com.ec\/index.php?rest_route=\/wp\/v2\/pages\/255\/revisions"}],"predecessor-version":[{"id":364,"href":"https:\/\/www.ebe.com.ec\/index.php?rest_route=\/wp\/v2\/pages\/255\/revisions\/364"}],"wp:attachment":[{"href":"https:\/\/www.ebe.com.ec\/index.php?rest_route=%2Fwp%2Fv2%2Fmedia&parent=255"}],"curies":[{"name":"wp","href":"https:\/\/api.w.org\/{rel}","templated":true}]}}