{"id":133,"date":"2022-08-08T08:11:59","date_gmt":"2022-08-08T08:11:59","guid":{"rendered":"https:\/\/bizbergthemes.com\/green-globe\/donor-dashboard\/"},"modified":"2026-04-06T15:56:10","modified_gmt":"2026-04-06T20:56:10","slug":"rendicion-2024","status":"publish","type":"page","link":"https:\/\/www.ebe.com.ec\/?page_id=133","title":{"rendered":"Rendici\u00f3n 2024"},"content":{"rendered":"\t\t<div data-elementor-type=\"wp-page\" data-elementor-id=\"133\" class=\"elementor elementor-133\">\n\t\t\t\t<div class=\"elementor-element elementor-element-3ec06d7 e-flex e-con-boxed e-con e-parent\" data-id=\"3ec06d7\" data-element_type=\"container\">\n\t\t\t\t\t<div class=\"e-con-inner\">\n\t\t\t\t<div class=\"elementor-element elementor-element-6615a4e elementor-widget elementor-widget-image\" data-id=\"6615a4e\" data-element_type=\"widget\" data-widget_type=\"image.default\">\n\t\t\t\t<div class=\"elementor-widget-container\">\n\t\t\t\t\t\t\t\t\t\t\t\t\t\t\t<img fetchpriority=\"high\" decoding=\"async\" width=\"640\" height=\"388\" src=\"https:\/\/www.ebe.com.ec\/wp-content\/uploads\/2022\/08\/imagen3.jpg\" class=\"attachment-large size-large wp-image-138\" alt=\"\" srcset=\"https:\/\/www.ebe.com.ec\/wp-content\/uploads\/2022\/08\/imagen3.jpg 1024w, https:\/\/www.ebe.com.ec\/wp-content\/uploads\/2022\/08\/imagen3-300x182.jpg 300w, https:\/\/www.ebe.com.ec\/wp-content\/uploads\/2022\/08\/imagen3-768x465.jpg 768w\" sizes=\"(max-width: 640px) 100vw, 640px\" \/>\t\t\t\t\t\t\t\t\t\t\t\t\t\t\t<\/div>\n\t\t\t\t<\/div>\n\t\t\t\t\t<\/div>\n\t\t\t\t<\/div>\n\t\t<div class=\"elementor-element elementor-element-1a36b95 e-flex e-con-boxed e-con e-parent\" data-id=\"1a36b95\" data-element_type=\"container\">\n\t\t\t\t\t<div class=\"e-con-inner\">\n\t\t\t\t<div class=\"elementor-element elementor-element-246500c elementor-widget elementor-widget-heading\" data-id=\"246500c\" data-element_type=\"widget\" data-widget_type=\"heading.default\">\n\t\t\t\t<div class=\"elementor-widget-container\">\n\t\t\t\t\t<h2 class=\"elementor-heading-title elementor-size-default\">Rendici\u00f3n de cuentas a\u00f1o 2024<\/h2>\t\t\t\t<\/div>\n\t\t\t\t<\/div>\n\t\t\t\t<div class=\"elementor-element elementor-element-1eaee0a6 elementor-widget elementor-widget-text-editor\" data-id=\"1eaee0a6\" data-element_type=\"widget\" data-widget_type=\"text-editor.default\">\n\t\t\t\t<div class=\"elementor-widget-container\">\n\t\t\t\t\t\t\t\t\t<p><span style=\"color: #008000;\"><strong><a href=\"https:\/\/www.ebe.com.ec\/wp-content\/uploads\/2025\/06\/BG-2024-signed-signed.pdf\" target=\"_blank\" rel=\"noopener\">Balance General 2024<\/a><\/strong><\/span><\/p>\n<p><span style=\"color: #008000;\"><strong><a href=\"https:\/\/www.ebe.com.ec\/wp-content\/uploads\/2025\/06\/ER-2024-signed-signed.pdf\" target=\"_blank\" rel=\"noopener\">Estado de Resultados 2024<\/a><\/strong><\/span><\/p>\n<p><span style=\"color: #008000;\"><strong><a href=\"https:\/\/www.ebe.com.ec\/wp-content\/uploads\/2025\/06\/EEP-2024-signed-signed.pdf\" target=\"_blank\" rel=\"noopener\">Evoluci\u00f3n de Patrimonio 2024<\/a><\/strong><\/span><\/p>\n<p><span style=\"color: #008000;\"><strong><a href=\"https:\/\/www.ebe.com.ec\/wp-content\/uploads\/2025\/06\/EFED-2024-signed-signed.pdf\" target=\"_blank\" rel=\"noopener\">Flujo Directo 2024<\/a><\/strong><\/span><\/p>\n<p><span style=\"color: #008000;\"><strong><a href=\"https:\/\/www.ebe.com.ec\/wp-content\/uploads\/2025\/06\/EFEI-2024-signed-signed.pdf\" target=\"_blank\" rel=\"noopener\">Flujo Indirecto 2024<\/a><\/strong><\/span><\/p>\n<p><span style=\"color: #008000;\"><strong><a href=\"https:\/\/www.ebe.com.ec\/wp-content\/uploads\/2025\/06\/PRESUPUESTO-2024-al-100.pdf\" target=\"_blank\" rel=\"noopener\">Presupuesto 2024<\/a><\/strong><\/span><\/p>\n<p><span style=\"color: #008000;\"><strong><a href=\"https:\/\/www.ebe.com.ec\/wp-content\/uploads\/2025\/06\/Certificado_Cumplimiento_Tributario-3.pdf\" target=\"_blank\" rel=\"noopener\">Cumplimiento Tributario 2024<\/a><\/strong><\/span><\/p>\n<p><span style=\"color: #008000;\"><strong><a href=\"https:\/\/www.ebe.com.ec\/wp-content\/uploads\/2025\/06\/Oficio-EBE-GG-071-2025_Rendicion-Cuentas-signed.pdf\" target=\"_blank\" rel=\"noopener\">Rendici\u00f3n de cuentas 2024<\/a><\/strong><\/span><\/p>\n<p><span style=\"color: #008000;\"><strong><a href=\"https:\/\/www.ebe.com.ec\/wp-content\/uploads\/2025\/06\/EBE-CPCCS-2024.xlsx\" target=\"_blank\" rel=\"noopener\">Formulario de Rendici\u00f3n de cuentas 2024<\/a><\/strong><\/span><\/p>\n<p><span style=\"color: #008000;\"><strong><a href=\"https:\/\/www.ebe.com.ec\/wp-content\/uploads\/2025\/06\/Informe-de-AE_2024_EMAC-BGP-ENERGY-CEM-signed-signed-signed-signed-signed-signed-signed-signed-signed.pdf\" target=\"_blank\" rel=\"noopener\">Estados Financieros 2024<\/a><\/strong><\/span><\/p>\n<p><span style=\"color: #008000;\"><strong><a href=\"https:\/\/www.ebe.com.ec\/wp-content\/uploads\/2025\/06\/Ofi-Ren.Ctas-2024-Sercop-signed.pdf\" target=\"_blank\" rel=\"noopener\">SERCOP 2024<\/a><\/strong><\/span><\/p>\n<p><span style=\"color: #008000;\"><strong><a href=\"https:\/\/www.ebe.com.ec\/wp-content\/uploads\/2025\/06\/Direcorios-2024.pdf\" target=\"_blank\" rel=\"noopener\">Directorio 2024<\/a><\/strong><\/span><\/p>\n<p><span style=\"color: #008000;\"><strong><a href=\"https:\/\/www.cuenca.gob.ec\/content\/pdot-pugs-2022\" target=\"_blank\" rel=\"noopener\">PDOT<\/a><\/strong><\/span><\/p>\n<p><span style=\"color: #008000;\"><strong><a href=\"https:\/\/transparencia.cuenca.gob.ec\/sites\/default\/files\/Rendicion%20Cuentas%202024\/Documentos\/Plan_Alcalde_Cristian%20Zamora.pdf\" target=\"_blank\" rel=\"noopener\">Plan de Trabajo del Alcalde<\/a><\/strong><\/span><\/p>\n<p><span style=\"color: #008000;\"><strong><a href=\"https:\/\/emac.gob.ec\/wp-content\/uploads\/2025\/06\/9.-RENDICION-DE-CUENTAS-EMAC-EP-2024.pdf\" target=\"_blank\" rel=\"noopener\">Informe narrativo<\/a><\/strong><\/span><\/p>\n<p><span style=\"color: #008000;\"><strong><a href=\"https:\/\/emac.gob.ec\/wp-content\/uploads\/2025\/06\/INVITACION-RENDICION-EMAC-2024.png\" target=\"_blank\" rel=\"noopener\">Invitaci\u00f3n<\/a><\/strong><\/span><\/p>\n<p><span style=\"color: #008000;\">\u00a0<\/span><\/p>\n<p>&nbsp;<\/p>\n<p>&nbsp;<\/p>\n<p><\/p>\t\t\t\t\t\t\t\t<\/div>\n\t\t\t\t<\/div>\n\t\t\t\t\t<\/div>\n\t\t\t\t<\/div>\n\t\t\t\t<\/div>\n\t\t","protected":false},"excerpt":{"rendered":"<p>Rendici\u00f3n de cuentas a\u00f1o 2024 Balance General 2024 Estado de Resultados 2024 Evoluci\u00f3n de Patrimonio 2024 Flujo Directo 2024 Flujo Indirecto 2024 Presupuesto 2024 Cumplimiento Tributario 2024 Rendici\u00f3n de cuentas 2024 Formulario de Rendici\u00f3n de cuentas 2024 Estados Financieros 2024 SERCOP 2024 Directorio 2024 PDOT Plan de Trabajo del Alcalde Informe narrativo Invitaci\u00f3n \u00a0 &nbsp; &nbsp;<\/p>\n","protected":false},"author":1,"featured_media":0,"parent":0,"menu_order":0,"comment_status":"closed","ping_status":"closed","template":"elementor_header_footer","meta":{"_eb_attr":"","footnotes":""},"class_list":["post-133","page","type-page","status-publish","hentry"],"_links":{"self":[{"href":"https:\/\/www.ebe.com.ec\/index.php?rest_route=\/wp\/v2\/pages\/133","targetHints":{"allow":["GET"]}}],"collection":[{"href":"https:\/\/www.ebe.com.ec\/index.php?rest_route=\/wp\/v2\/pages"}],"about":[{"href":"https:\/\/www.ebe.com.ec\/index.php?rest_route=\/wp\/v2\/types\/page"}],"author":[{"embeddable":true,"href":"https:\/\/www.ebe.com.ec\/index.php?rest_route=\/wp\/v2\/users\/1"}],"replies":[{"embeddable":true,"href":"https:\/\/www.ebe.com.ec\/index.php?rest_route=%2Fwp%2Fv2%2Fcomments&post=133"}],"version-history":[{"count":57,"href":"https:\/\/www.ebe.com.ec\/index.php?rest_route=\/wp\/v2\/pages\/133\/revisions"}],"predecessor-version":[{"id":459,"href":"https:\/\/www.ebe.com.ec\/index.php?rest_route=\/wp\/v2\/pages\/133\/revisions\/459"}],"wp:attachment":[{"href":"https:\/\/www.ebe.com.ec\/index.php?rest_route=%2Fwp%2Fv2%2Fmedia&parent=133"}],"curies":[{"name":"wp","href":"https:\/\/api.w.org\/{rel}","templated":true}]}}